{"id":25951720,"date":"2024-03-21T15:58:31","date_gmt":"2024-03-21T15:58:31","guid":{"rendered":"https:\/\/environnementtestcoe.live-website.com\/?page_id=25951720"},"modified":"2024-05-27T08:25:42","modified_gmt":"2024-05-27T08:25:42","slug":"clients","status":"publish","type":"page","link":"http:\/\/lynmanagement.com\/fr\/clients\/","title":{"rendered":"Nos clients"},"content":{"rendered":"<p>[et_pb_section fb_built=&#8221;1&#8243; _builder_version=&#8221;4.22.2&#8243; _module_preset=&#8221;default&#8221; background_image=&#8221;http:\/\/lynmanagement.com\/wp-content\/uploads\/2024\/03\/clients-scaled.jpg&#8221; locked=&#8221;off&#8221; global_colors_info=&#8221;{}&#8221;][et_pb_row _builder_version=&#8221;4.17.3&#8243; _module_preset=&#8221;default&#8221; custom_padding=&#8221;||0px||false|false&#8221; global_colors_info=&#8221;{}&#8221;][et_pb_column type=&#8221;4_4&#8243; _builder_version=&#8221;4.17.3&#8243; _module_preset=&#8221;default&#8221; global_colors_info=&#8221;{}&#8221;][et_pb_text _builder_version=&#8221;4.17.3&#8243; _module_preset=&#8221;default&#8221; text_font=&#8221;|700||on|||||&#8221; text_text_color=&#8221;gcid-7ce7b00a-a0f7-4559-8af2-0adef5afd391&#8243; text_font_size=&#8221;15px&#8221; custom_margin=&#8221;||2px|2px|false|false&#8221; global_colors_info=&#8221;{%22gcid-7ce7b00a-a0f7-4559-8af2-0adef5afd391%22:%91%22text_text_color%22%93}&#8221;]<\/p>\n<p>Construire l'avenir<\/p>\n<p>[\/et_pb_text][et_pb_text _builder_version=&#8221;4.17.3&#8243; _module_preset=&#8221;default&#8221; header_font=&#8221;||||||||&#8221; header_text_color=&#8221;#FFFFFF&#8221; header_font_size=&#8221;60px&#8221; header_2_text_color=&#8221;#FFFFFF&#8221; custom_margin=&#8221;||0px||false|false&#8221; global_colors_info=&#8221;{}&#8221;]<\/p>\n<h1>Nos clients<\/h1>\n<p>[\/et_pb_text][\/et_pb_column][\/et_pb_row][et_pb_row _builder_version=&#8221;4.17.3&#8243; _module_preset=&#8221;default&#8221; custom_padding=&#8221;0px||||false|false&#8221; global_colors_info=&#8221;{}&#8221;][et_pb_column type=&#8221;4_4&#8243; _builder_version=&#8221;4.17.3&#8243; _module_preset=&#8221;default&#8221; global_colors_info=&#8221;{}&#8221;][et_pb_divider color=&#8221;gcid-7ce7b00a-a0f7-4559-8af2-0adef5afd391&#8243; _builder_version=&#8221;4.17.3&#8243; _module_preset=&#8221;default&#8221; height=&#8221;0px&#8221; custom_margin=&#8221;||0px||false|false&#8221; custom_padding=&#8221;||||false|false&#8221; global_colors_info=&#8221;{%22gcid-7ce7b00a-a0f7-4559-8af2-0adef5afd391%22:%91%22border_color_right%22,%22color%22%93}&#8221;][\/et_pb_divider][et_pb_divider show_divider=&#8221;off&#8221; admin_label=&#8221;Point right bottom&#8221; module_class=&#8221;dot-right-bottom sub-page-dot&#8221; _builder_version=&#8221;4.17.3&#8243; _module_preset=&#8221;default&#8221; height=&#8221;25px&#8221; border_width_right=&#8221;1px&#8221; border_color_right=&#8221;gcid-7ce7b00a-a0f7-4559-8af2-0adef5afd391&#8243; global_colors_info=&#8221;{%22gcid-7ce7b00a-a0f7-4559-8af2-0adef5afd391%22:%91%22border_color_right%22%93}&#8221;][\/et_pb_divider][\/et_pb_column][\/et_pb_row][\/et_pb_section][et_pb_section fb_built=&#8221;1&#8243; custom_padding_last_edited=&#8221;on|phone&#8221; _builder_version=&#8221;4.22.2&#8243; _module_preset=&#8221;default&#8221; background_enable_image=&#8221;off&#8221; background_size=&#8221;initial&#8221; background_position=&#8221;top_right&#8221; custom_padding=&#8221;52px|||||&#8221; custom_padding_tablet=&#8221;52px|||||&#8221; custom_padding_phone=&#8221;0px||||false|false&#8221; locked=&#8221;off&#8221; global_colors_info=&#8221;{}&#8221;][et_pb_row _builder_version=&#8221;4.22.2&#8243; _module_preset=&#8221;default&#8221; global_colors_info=&#8221;{}&#8221;][et_pb_column type=&#8221;4_4&#8243; _builder_version=&#8221;4.17.3&#8243; _module_preset=&#8221;default&#8221; global_colors_info=&#8221;{}&#8221;][et_pb_text disabled_on=&#8221;on|on|off&#8221; _builder_version=&#8221;4.22.2&#8243; _module_preset=&#8221;default&#8221; text_font=&#8221;|700||on|||||&#8221; text_text_color=&#8221;gcid-7ce7b00a-a0f7-4559-8af2-0adef5afd391&#8243; text_font_size=&#8221;18px&#8221; text_orientation=&#8221;center&#8221; custom_margin=&#8221;||2px|2px|false|false&#8221; global_colors_info=&#8221;{%22gcid-7ce7b00a-a0f7-4559-8af2-0adef5afd391%22:%91%22text_text_color%22%93}&#8221;]<\/p>\n<p>Construire l'avenir<\/p>\n<p>[\/et_pb_text][et_pb_text disabled_on=&#8221;on|on|off&#8221; _builder_version=&#8221;4.22.2&#8243; _module_preset=&#8221;default&#8221; header_2_text_align=&#8221;center&#8221; custom_margin=&#8221;||11px|||&#8221; global_colors_info=&#8221;{}&#8221;]<\/p>\n<h2 class=\"rtecenter\">Rejoignez notre liste croissante de clients satisfaits<\/h2>\n<p>[\/et_pb_text][et_pb_text disabled_on=&#8221;on|on|off&#8221; _builder_version=&#8221;4.22.2&#8243; _module_preset=&#8221;default&#8221; text_font_size=&#8221;22px&#8221; custom_margin=&#8221;||72px|||&#8221; global_colors_info=&#8221;{}&#8221;]<\/p>\n<p style=\"text-align: center;\"><strong>Vous recherchez des r\u00e9sultats ?<\/strong><span> De nombreuses entreprises ont connu le succ\u00e8s en s'associant \u00e0 nous. Rejoignez notre communaut\u00e9 grandissante de clients satisfaits et d\u00e9couvrez par vous-m\u00eame la diff\u00e9rence. Nous sommes convaincus que nous pouvons vous aider \u00e0 atteindre vos objectifs et \u00e0 devenir une autre r\u00e9ussite.<\/span><\/p>\n<p>[\/et_pb_text][et_pb_text _builder_version=&#8221;4.22.2&#8243; _module_preset=&#8221;default&#8221; header_2_text_align=&#8221;center&#8221; custom_margin=&#8221;||11px|||&#8221; global_colors_info=&#8221;{}&#8221;]<\/p>\n<h2 class=\"rtecenter\">Ils nous font confiance<\/h2>\n<p>&nbsp;<\/p>\n<p>[\/et_pb_text][dipi_filterable_gallery include_term_ids=&#8221;33,37,43,42,41,39&#8243; filter_tab_alignment=&#8221;center&#8221; gutter=&#8221;0&#8243; use_media_link=&#8221;on&#8221; use_thumbnails=&#8221;on&#8221; space_tabs=&#8221;40px&#8221; filter_bar_item_padding=&#8221;2px|10px|2px|10px|true|false&#8221; filter_bar_item_background_color_active=&#8221;gcid-7ce7b00a-a0f7-4559-8af2-0adef5afd391&#8243; grid_margin=&#8221;0px|0px|0px|0px|false|false&#8221; grid_item_category_margin=&#8221;10px|0px|10px|0px|false|true&#8221; filter_bar_layout_tablet=&#8221;&#8221; filter_bar_layout_phone=&#8221;row&#8221; filter_bar_layout_last_edited=&#8221;on|phone&#8221; columns_tablet=&#8221;3&#8243; columns_phone=&#8221;2&#8243; columns_last_edited=&#8221;on|phone&#8221; space_tabs_tablet=&#8221;40px&#8221; space_tabs_phone=&#8221;0px&#8221; space_tabs_last_edited=&#8221;on|phone&#8221; overlay_padding_tablet=&#8221;&#8221; overlay_padding_phone=&#8221;65px|59px|65px|59px|true|true&#8221; overlay_padding_last_edited=&#8221;on|phone&#8221; grid_margin_tablet=&#8221;0px|0px|0px|0px|false|false&#8221; grid_margin_phone=&#8221;|||37px|false|false&#8221; grid_margin_last_edited=&#8221;on|phone&#8221; _builder_version=&#8221;4.22.2&#8243; _module_preset=&#8221;default&#8221; pagination_btn_normal_font=&#8221;||||||||&#8221; pagination_btn_normal_text_align=&#8221;left&#8221; pagination_btn_normal_text_color=&#8221;#FFFFFF&#8221; pagination_btn_normal_font_size=&#8221;0px&#8221; filter_bar_normal_text_color=&#8221;gcid-b9977658-4716-4f1b-8f0f-15b61fc8dfd9&#8243; filter_bar_normal_font_size=&#8221;12px&#8221; filter_bar_active_text_color=&#8221;#FFFFFF&#8221; custom_margin=&#8221;|0px||0px|false|false&#8221; custom_margin_tablet=&#8221;|0px||0px|false|false&#8221; custom_margin_phone=&#8221;|0px||0px|false|false&#8221; custom_margin_last_edited=&#8221;on|phone&#8221; custom_padding=&#8221;|0px|||false|false&#8221; hover_enabled=&#8221;0&#8243; custom_css_grid_item_img=&#8221;width: 60%;||margin-top: 20%||&#8221; border_radii_filter_bar_item_active=&#8221;on|2px|2px|2px|2px&#8221; global_colors_info=&#8221;{%22gcid-7ce7b00a-a0f7-4559-8af2-0adef5afd391%22:%91%22filter_bar_item_background_color_active%22%93,%22gcid-b9977658-4716-4f1b-8f0f-15b61fc8dfd9%22:%91%22filter_bar_normal_text_color%22%93}&#8221; sticky_enabled=&#8221;0&#8243;][\/dipi_filterable_gallery][\/et_pb_column][\/et_pb_row][\/et_pb_section]<\/p>","protected":false},"excerpt":{"rendered":"<p>Building the futureOur ClientsBuilding the futureJoin Our Growing List of Satisfied ClientsAre you looking for results? Many businesses have found success by partnering with us. Join our growing community of satisfied clients and experience the difference for yourself. We&#8217;re confident that we can help you achieve your goals and become another success story.Some of our [&hellip;]<\/p>","protected":false},"author":1,"featured_media":0,"parent":0,"menu_order":0,"comment_status":"closed","ping_status":"closed","template":"","meta":{"_et_pb_use_builder":"on","_et_pb_old_content":"","_et_gb_content_width":"","footnotes":""},"dipi_cpt_category":[],"class_list":["post-25951720","page","type-page","status-publish","hentry"],"yoast_head":"<!-- This site is optimized with the Yoast SEO plugin v22.7 - https:\/\/yoast.com\/wordpress\/plugins\/seo\/ -->\n<title>Our Clients - Lyn Consulting<\/title>\n<meta name=\"robots\" content=\"index, follow, max-snippet:-1, max-image-preview:large, max-video-preview:-1\" \/>\n<link rel=\"canonical\" href=\"http:\/\/lynmanagement.com\/fr\/clients\/\" \/>\n<meta property=\"og:locale\" content=\"fr_FR\" \/>\n<meta property=\"og:type\" content=\"article\" \/>\n<meta property=\"og:title\" content=\"Our Clients - Lyn Consulting\" \/>\n<meta property=\"og:description\" content=\"Building the futureOur ClientsBuilding the futureJoin Our Growing List of Satisfied ClientsAre you looking for results? Many businesses have found success by partnering with us. Join our growing community of satisfied clients and experience the difference for yourself. We&#039;re confident that we can help you achieve your goals and become another success story.Some of our [&hellip;]\" \/>\n<meta property=\"og:url\" content=\"http:\/\/lynmanagement.com\/fr\/clients\/\" \/>\n<meta property=\"og:site_name\" content=\"Lyn Consulting\" \/>\n<meta property=\"article:modified_time\" content=\"2024-05-27T08:25:42+00:00\" \/>\n<meta name=\"twitter:card\" content=\"summary_large_image\" \/>\n<meta name=\"twitter:label1\" content=\"Dur\u00e9e de lecture estim\u00e9e\" \/>\n\t<meta name=\"twitter:data1\" content=\"4 minutes\" \/>\n<script type=\"application\/ld+json\" class=\"yoast-schema-graph\">{\"@context\":\"https:\/\/schema.org\",\"@graph\":[{\"@type\":\"WebPage\",\"@id\":\"http:\/\/lynmanagement.com\/clients\/\",\"url\":\"http:\/\/lynmanagement.com\/clients\/\",\"name\":\"Our Clients - Lyn Consulting\",\"isPartOf\":{\"@id\":\"https:\/\/lynmanagement.com\/#website\"},\"datePublished\":\"2024-03-21T15:58:31+00:00\",\"dateModified\":\"2024-05-27T08:25:42+00:00\",\"breadcrumb\":{\"@id\":\"http:\/\/lynmanagement.com\/clients\/#breadcrumb\"},\"inLanguage\":\"fr-FR\",\"potentialAction\":[{\"@type\":\"ReadAction\",\"target\":[\"http:\/\/lynmanagement.com\/clients\/\"]}]},{\"@type\":\"BreadcrumbList\",\"@id\":\"http:\/\/lynmanagement.com\/clients\/#breadcrumb\",\"itemListElement\":[{\"@type\":\"ListItem\",\"position\":1,\"name\":\"Accueil\",\"item\":\"https:\/\/lynmanagement.com\/\"},{\"@type\":\"ListItem\",\"position\":2,\"name\":\"Our Clients\"}]},{\"@type\":\"WebSite\",\"@id\":\"https:\/\/lynmanagement.com\/#website\",\"url\":\"https:\/\/lynmanagement.com\/\",\"name\":\"Lyn Consulting\",\"description\":\"A new perspective\",\"publisher\":{\"@id\":\"https:\/\/lynmanagement.com\/#organization\"},\"potentialAction\":[{\"@type\":\"SearchAction\",\"target\":{\"@type\":\"EntryPoint\",\"urlTemplate\":\"https:\/\/lynmanagement.com\/?s={search_term_string}\"},\"query-input\":\"required name=search_term_string\"}],\"inLanguage\":\"fr-FR\"},{\"@type\":\"Organization\",\"@id\":\"https:\/\/lynmanagement.com\/#organization\",\"name\":\"Lyn Consulting\",\"url\":\"https:\/\/lynmanagement.com\/\",\"logo\":{\"@type\":\"ImageObject\",\"inLanguage\":\"fr-FR\",\"@id\":\"https:\/\/lynmanagement.com\/#\/schema\/logo\/image\/\",\"url\":\"https:\/\/lynmanagement.com\/wp-content\/uploads\/2024\/03\/Logo-Lyn-Full-transp.png\",\"contentUrl\":\"https:\/\/lynmanagement.com\/wp-content\/uploads\/2024\/03\/Logo-Lyn-Full-transp.png\",\"width\":759,\"height\":167,\"caption\":\"Lyn Consulting\"},\"image\":{\"@id\":\"https:\/\/lynmanagement.com\/#\/schema\/logo\/image\/\"},\"sameAs\":[\"https:\/\/www.linkedin.com\/company\/lyn-management-consulting\/\"]}]}<\/script>\n<!-- \/ Yoast SEO plugin. -->","yoast_head_json":{"title":"Our Clients - Lyn Consulting","robots":{"index":"index","follow":"follow","max-snippet":"max-snippet:-1","max-image-preview":"max-image-preview:large","max-video-preview":"max-video-preview:-1"},"canonical":"http:\/\/lynmanagement.com\/fr\/clients\/","og_locale":"fr_FR","og_type":"article","og_title":"Our Clients - Lyn Consulting","og_description":"Building the futureOur ClientsBuilding the futureJoin Our Growing List of Satisfied ClientsAre you looking for results? Many businesses have found success by partnering with us. Join our growing community of satisfied clients and experience the difference for yourself. We're confident that we can help you achieve your goals and become another success story.Some of our [&hellip;]","og_url":"http:\/\/lynmanagement.com\/fr\/clients\/","og_site_name":"Lyn Consulting","article_modified_time":"2024-05-27T08:25:42+00:00","twitter_card":"summary_large_image","twitter_misc":{"Dur\u00e9e de lecture estim\u00e9e":"4 minutes"},"schema":{"@context":"https:\/\/schema.org","@graph":[{"@type":"WebPage","@id":"http:\/\/lynmanagement.com\/clients\/","url":"http:\/\/lynmanagement.com\/clients\/","name":"Our Clients - Lyn Consulting","isPartOf":{"@id":"https:\/\/lynmanagement.com\/#website"},"datePublished":"2024-03-21T15:58:31+00:00","dateModified":"2024-05-27T08:25:42+00:00","breadcrumb":{"@id":"http:\/\/lynmanagement.com\/clients\/#breadcrumb"},"inLanguage":"fr-FR","potentialAction":[{"@type":"ReadAction","target":["http:\/\/lynmanagement.com\/clients\/"]}]},{"@type":"BreadcrumbList","@id":"http:\/\/lynmanagement.com\/clients\/#breadcrumb","itemListElement":[{"@type":"ListItem","position":1,"name":"Accueil","item":"https:\/\/lynmanagement.com\/"},{"@type":"ListItem","position":2,"name":"Our Clients"}]},{"@type":"WebSite","@id":"https:\/\/lynmanagement.com\/#website","url":"https:\/\/lynmanagement.com\/","name":"Lyn Consulting","description":"A new perspective","publisher":{"@id":"https:\/\/lynmanagement.com\/#organization"},"potentialAction":[{"@type":"SearchAction","target":{"@type":"EntryPoint","urlTemplate":"https:\/\/lynmanagement.com\/?s={search_term_string}"},"query-input":"required name=search_term_string"}],"inLanguage":"fr-FR"},{"@type":"Organization","@id":"https:\/\/lynmanagement.com\/#organization","name":"Lyn Consulting","url":"https:\/\/lynmanagement.com\/","logo":{"@type":"ImageObject","inLanguage":"fr-FR","@id":"https:\/\/lynmanagement.com\/#\/schema\/logo\/image\/","url":"https:\/\/lynmanagement.com\/wp-content\/uploads\/2024\/03\/Logo-Lyn-Full-transp.png","contentUrl":"https:\/\/lynmanagement.com\/wp-content\/uploads\/2024\/03\/Logo-Lyn-Full-transp.png","width":759,"height":167,"caption":"Lyn Consulting"},"image":{"@id":"https:\/\/lynmanagement.com\/#\/schema\/logo\/image\/"},"sameAs":["https:\/\/www.linkedin.com\/company\/lyn-management-consulting\/"]}]}},"_links":{"self":[{"href":"http:\/\/lynmanagement.com\/fr\/wp-json\/wp\/v2\/pages\/25951720","targetHints":{"allow":["GET"]}}],"collection":[{"href":"http:\/\/lynmanagement.com\/fr\/wp-json\/wp\/v2\/pages"}],"about":[{"href":"http:\/\/lynmanagement.com\/fr\/wp-json\/wp\/v2\/types\/page"}],"author":[{"embeddable":true,"href":"http:\/\/lynmanagement.com\/fr\/wp-json\/wp\/v2\/users\/1"}],"replies":[{"embeddable":true,"href":"http:\/\/lynmanagement.com\/fr\/wp-json\/wp\/v2\/comments?post=25951720"}],"version-history":[{"count":61,"href":"http:\/\/lynmanagement.com\/fr\/wp-json\/wp\/v2\/pages\/25951720\/revisions"}],"predecessor-version":[{"id":26044422,"href":"http:\/\/lynmanagement.com\/fr\/wp-json\/wp\/v2\/pages\/25951720\/revisions\/26044422"}],"wp:attachment":[{"href":"http:\/\/lynmanagement.com\/fr\/wp-json\/wp\/v2\/media?parent=25951720"}],"wp:term":[{"taxonomy":"dipi_cpt_category","embeddable":true,"href":"http:\/\/lynmanagement.com\/fr\/wp-json\/wp\/v2\/dipi_cpt_category?post=25951720"}],"curies":[{"name":"wp","href":"https:\/\/api.w.org\/{rel}","templated":true}]}}